{"id":224,"date":"2020-11-30T20:11:01","date_gmt":"2020-11-30T20:11:01","guid":{"rendered":"http:\/\/gemmel-milch.de\/?page_id=224"},"modified":"2020-11-30T20:11:27","modified_gmt":"2020-11-30T20:11:27","slug":"das-projektreporting","status":"publish","type":"page","link":"https:\/\/gemmel-milch.de\/?page_id=224","title":{"rendered":"das projektreporting"},"content":{"rendered":"\n<p>ABGESCHLOSSEN<\/p>\n\n\n\n<p>dez 2019: die idee wurde geboren<\/p>\n\n\n\n<p>m\u00e4r 2020: den richtigen k\u00e4semeister gefunden<\/p>\n\n\n\n<p>jun 2020: den architekten gefunden<\/p>\n\n\n\n<p>jul 2020: start gutscheinverkauf<\/p>\n\n\n\n<p>aug 2020: idee der tempor\u00e4ren kleinen anlage geboren<\/p>\n\n\n\n<p>sep 2020: bauantrag genehmigt<\/p>\n\n\n\n<p>okt 2020: f\u00f6rderantrag angereicht<\/p>\n\n\n\n<p>nov 2020: kleine anlage aufgebaut und in betrieb genommen<\/p>\n\n\n\n<p>IN PLANUNG<\/p>\n\n\n\n<p>dez 2020: erste produkte -mozzarella, joghurt und trinkmilch- werden ausgeliefert<\/p>\n\n\n\n<p>jan 2021: die verkaufs- und bestellwege laufen <\/p>\n\n\n\n<p>feb 2021: r\u00fcckmeldung zum f\u00f6rderantrag einetroffen<\/p>\n\n\n\n<p>m\u00e4r2021: gutschein 500 ist verkauft<\/p>\n\n\n\n<p>apr 2021: mit der &#8222;richtigen&#8220; k\u00e4serei geht es weiter<\/p>\n","protected":false},"excerpt":{"rendered":"<p>ABGESCHLOSSEN dez 2019: die idee wurde geboren m\u00e4r 2020: den richtigen k\u00e4semeister gefunden jun 2020: den architekten gefunden jul 2020: start gutscheinverkauf aug 2020: idee der tempor\u00e4ren kleinen anlage geboren sep 2020: bauantrag genehmigt okt 2020: f\u00f6rderantrag angereicht nov 2020: kleine anlage aufgebaut und in betrieb genommen IN PLANUNG dez 2020: erste produkte -mozzarella, joghurt &hellip; <\/p>\n<p class=\"link-more\"><a href=\"https:\/\/gemmel-milch.de\/?page_id=224\" class=\"more-link\"><span class=\"screen-reader-text\">\u201edas projektreporting\u201c<\/span> weiterlesen<\/a><\/p>\n","protected":false},"author":1,"featured_media":0,"parent":0,"menu_order":0,"comment_status":"closed","ping_status":"closed","template":"","meta":[],"_links":{"self":[{"href":"https:\/\/gemmel-milch.de\/index.php?rest_route=\/wp\/v2\/pages\/224"}],"collection":[{"href":"https:\/\/gemmel-milch.de\/index.php?rest_route=\/wp\/v2\/pages"}],"about":[{"href":"https:\/\/gemmel-milch.de\/index.php?rest_route=\/wp\/v2\/types\/page"}],"author":[{"embeddable":true,"href":"https:\/\/gemmel-milch.de\/index.php?rest_route=\/wp\/v2\/users\/1"}],"replies":[{"embeddable":true,"href":"https:\/\/gemmel-milch.de\/index.php?rest_route=%2Fwp%2Fv2%2Fcomments&post=224"}],"version-history":[{"count":2,"href":"https:\/\/gemmel-milch.de\/index.php?rest_route=\/wp\/v2\/pages\/224\/revisions"}],"predecessor-version":[{"id":227,"href":"https:\/\/gemmel-milch.de\/index.php?rest_route=\/wp\/v2\/pages\/224\/revisions\/227"}],"wp:attachment":[{"href":"https:\/\/gemmel-milch.de\/index.php?rest_route=%2Fwp%2Fv2%2Fmedia&parent=224"}],"curies":[{"name":"wp","href":"https:\/\/api.w.org\/{rel}","templated":true}]}}