{"id":15,"date":"2019-12-30T21:57:52","date_gmt":"2019-12-30T21:57:52","guid":{"rendered":"http:\/\/gemmel-milch.de\/?page_id=15"},"modified":"2020-03-29T17:56:52","modified_gmt":"2020-03-29T17:56:52","slug":"andreas-3","status":"publish","type":"page","link":"https:\/\/gemmel-milch.de\/?page_id=15","title":{"rendered":"die produkte"},"content":{"rendered":"\n<p>nat\u00fcrlich &#8211; nachhaltig<\/p>\n\n\n\n<h2>milch <\/h2>\n\n\n\n<div class=\"wp-block-image is-style-default\"><figure class=\"alignright size-large is-resized\"><img loading=\"lazy\" src=\"http:\/\/gemmel-milch.de\/wp-content\/uploads\/2020\/03\/D4D3DE47-2782-4710-A3BE-7274F5DA6D21-1024x682.jpeg\" alt=\"\" class=\"wp-image-150\" width=\"285\" height=\"189\" srcset=\"https:\/\/gemmel-milch.de\/wp-content\/uploads\/2020\/03\/D4D3DE47-2782-4710-A3BE-7274F5DA6D21-1024x682.jpeg 1024w, https:\/\/gemmel-milch.de\/wp-content\/uploads\/2020\/03\/D4D3DE47-2782-4710-A3BE-7274F5DA6D21-300x200.jpeg 300w, https:\/\/gemmel-milch.de\/wp-content\/uploads\/2020\/03\/D4D3DE47-2782-4710-A3BE-7274F5DA6D21-768x512.jpeg 768w, https:\/\/gemmel-milch.de\/wp-content\/uploads\/2020\/03\/D4D3DE47-2782-4710-A3BE-7274F5DA6D21-1536x1023.jpeg 1536w, https:\/\/gemmel-milch.de\/wp-content\/uploads\/2020\/03\/D4D3DE47-2782-4710-A3BE-7274F5DA6D21.jpeg 1920w\" sizes=\"(max-width: 285px) 100vw, 285px\" \/><\/figure><\/div>\n\n\n\n<p>unsere trinkmilch in glasflaschen \u00e1 1 liter wird pasteurisiert und anschlie\u00dfend bei 5\u00b0C abgef\u00fcllt. frische und schonende verarbeitung sind unsere qualit\u00e4tsmerkmale. wir verzichten auf das homogenisieren oder separieren und behalten so die milch in ihrer urspr\u00fcnglichkeit. unsere milch rahmt auf: die einzelnen bestandteile der milch werden von uns nicht ver\u00e4ndert. l\u00e4sst man die milch stehen, setzt sich der rahm auf der oberfl\u00e4che ab. durch einfaches umr\u00fchren vermengt sich der rahm wieder mit der milch oder man sch\u00f6pft ihn ab und schl\u00e4gt seine eigene butter oder sahne.<br>den unterschied schmeckt man! <br>was glauben sie, wie lange wird es dauern bis unsere milch bei ihnen im k\u00fchlschrank steht? <\/p>\n\n\n\n<p><\/p>\n\n\n\n<h2>k\u00e4se<\/h2>\n\n\n\n<div class=\"wp-block-image is-style-default\"><figure class=\"alignright size-large is-resized\"><img loading=\"lazy\" src=\"http:\/\/gemmel-milch.de\/wp-content\/uploads\/2020\/03\/5891DEB0-2C4C-4362-9074-F1CF0DEE6D62-1024x662.jpeg\" alt=\"\" class=\"wp-image-147\" width=\"280\" height=\"180\" srcset=\"https:\/\/gemmel-milch.de\/wp-content\/uploads\/2020\/03\/5891DEB0-2C4C-4362-9074-F1CF0DEE6D62-1024x662.jpeg 1024w, https:\/\/gemmel-milch.de\/wp-content\/uploads\/2020\/03\/5891DEB0-2C4C-4362-9074-F1CF0DEE6D62-300x194.jpeg 300w, https:\/\/gemmel-milch.de\/wp-content\/uploads\/2020\/03\/5891DEB0-2C4C-4362-9074-F1CF0DEE6D62-768x497.jpeg 768w, https:\/\/gemmel-milch.de\/wp-content\/uploads\/2020\/03\/5891DEB0-2C4C-4362-9074-F1CF0DEE6D62-1536x994.jpeg 1536w, https:\/\/gemmel-milch.de\/wp-content\/uploads\/2020\/03\/5891DEB0-2C4C-4362-9074-F1CF0DEE6D62.jpeg 1920w\" sizes=\"(max-width: 280px) 100vw, 280px\" \/><\/figure><\/div>\n\n\n\n<p>frischk\u00e4se (siehe unter quark), jedoch besonders hartk\u00e4se, sind wahre k\u00f6nigsdisziplinen der milchveredelung. seit gut 5000 v. chr. soll es k\u00e4se schon geben. wegen der saisonal schwankenden nachfrage von frischk\u00e4se, jogurt und quark ist der hartk\u00e4se ideal geeignet, um unsere 365 tage im jahr laufende frischmilchquelle und die saisonale nachfrage auszubalancieren. wussten sie, dass einige k\u00e4sesorten 18 liter milch f\u00fcr 1 kilo k\u00e4se erfordern? <br>weil k\u00e4se so vielf\u00e4ltig ist, wollen und m\u00fcssen wir immer wieder neue sorten entdecken und ausprobieren. schauen sie ruhig mal vorbei und uns \u00fcber die schulter. vielleicht entdecken sie auch eine neue leidenschaft f\u00fcr sich.<\/p>\n\n\n\n<h2>jogurt<\/h2>\n\n\n\n<div class=\"wp-block-image is-style-default\"><figure class=\"alignright size-large is-resized\"><img loading=\"lazy\" src=\"http:\/\/gemmel-milch.de\/wp-content\/uploads\/2020\/03\/18F146D7-2623-40B2-9E81-9404493260F1-1024x765.jpeg\" alt=\"\" class=\"wp-image-145\" width=\"278\" height=\"207\" srcset=\"https:\/\/gemmel-milch.de\/wp-content\/uploads\/2020\/03\/18F146D7-2623-40B2-9E81-9404493260F1-1024x765.jpeg 1024w, https:\/\/gemmel-milch.de\/wp-content\/uploads\/2020\/03\/18F146D7-2623-40B2-9E81-9404493260F1-300x224.jpeg 300w, https:\/\/gemmel-milch.de\/wp-content\/uploads\/2020\/03\/18F146D7-2623-40B2-9E81-9404493260F1-768x574.jpeg 768w, https:\/\/gemmel-milch.de\/wp-content\/uploads\/2020\/03\/18F146D7-2623-40B2-9E81-9404493260F1-1536x1147.jpeg 1536w, https:\/\/gemmel-milch.de\/wp-content\/uploads\/2020\/03\/18F146D7-2623-40B2-9E81-9404493260F1.jpeg 1920w\" sizes=\"(max-width: 278px) 100vw, 278px\" \/><\/figure><\/div>\n\n\n\n<p>natur nat\u00fcrlich! der phantasie und dem geschmack sind keine grenzen gesetzt! <br>einige industrielle hersteller sollen mehrere hundert sorten produzieren. wir stellen vor allem klassische jogurtprodukte her, aber auch hier muss man experimentieren d\u00fcrfen. kuriosit\u00e4ten findet man wenn man sucht -haben wir schon alles gesehen oder gegessen? <br>klassisch bei uns: natur und fr\u00fcchte je nach saison. \u00fcberraschungen und spannendes wird es bestimmt auch immer wieder geben!<\/p>\n\n\n\n<p><\/p>\n\n\n\n<h2>quark und frischk\u00e4se<\/h2>\n\n\n\n<div class=\"wp-block-image is-style-default\"><figure class=\"alignright size-large is-resized\"><img loading=\"lazy\" src=\"http:\/\/gemmel-milch.de\/wp-content\/uploads\/2020\/03\/33F22F95-76DD-4E8E-AEC4-C3E1E5E7DDF8-1024x683.jpeg\" alt=\"\" class=\"wp-image-148\" width=\"285\" height=\"189\" srcset=\"https:\/\/gemmel-milch.de\/wp-content\/uploads\/2020\/03\/33F22F95-76DD-4E8E-AEC4-C3E1E5E7DDF8-1024x683.jpeg 1024w, https:\/\/gemmel-milch.de\/wp-content\/uploads\/2020\/03\/33F22F95-76DD-4E8E-AEC4-C3E1E5E7DDF8-300x200.jpeg 300w, https:\/\/gemmel-milch.de\/wp-content\/uploads\/2020\/03\/33F22F95-76DD-4E8E-AEC4-C3E1E5E7DDF8-768x512.jpeg 768w, https:\/\/gemmel-milch.de\/wp-content\/uploads\/2020\/03\/33F22F95-76DD-4E8E-AEC4-C3E1E5E7DDF8-1536x1024.jpeg 1536w, https:\/\/gemmel-milch.de\/wp-content\/uploads\/2020\/03\/33F22F95-76DD-4E8E-AEC4-C3E1E5E7DDF8.jpeg 1920w\" sizes=\"(max-width: 285px) 100vw, 285px\" \/><\/figure><\/div>\n\n\n\n<p>natur pur? oder natur plus? das ist hier die frage. als brotaufstrich oder zum backen, so vielf\u00e4ltig werden diese produkte gebaucht (von den diversen hausmittelchen gar nicht erst zu reden). mit einem plus an kr\u00e4utern, n\u00fcssen, beeren k\u00f6nnen sie einfach selbst ihre lieblingskreationen zaubern. ein guter tipp ist hier der dip!<\/p>\n\n\n\n<p><\/p>\n","protected":false},"excerpt":{"rendered":"<p>nat\u00fcrlich &#8211; nachhaltig milch unsere trinkmilch in glasflaschen \u00e1 1 liter wird pasteurisiert und anschlie\u00dfend bei 5\u00b0C abgef\u00fcllt. frische und schonende verarbeitung sind unsere qualit\u00e4tsmerkmale. wir verzichten auf das homogenisieren oder separieren und behalten so die milch in ihrer urspr\u00fcnglichkeit. unsere milch rahmt auf: die einzelnen bestandteile der milch werden von uns nicht ver\u00e4ndert. l\u00e4sst &hellip; <\/p>\n<p class=\"link-more\"><a href=\"https:\/\/gemmel-milch.de\/?page_id=15\" class=\"more-link\"><span class=\"screen-reader-text\">\u201edie produkte\u201c<\/span> weiterlesen<\/a><\/p>\n","protected":false},"author":1,"featured_media":72,"parent":0,"menu_order":0,"comment_status":"closed","ping_status":"closed","template":"","meta":[],"_links":{"self":[{"href":"https:\/\/gemmel-milch.de\/index.php?rest_route=\/wp\/v2\/pages\/15"}],"collection":[{"href":"https:\/\/gemmel-milch.de\/index.php?rest_route=\/wp\/v2\/pages"}],"about":[{"href":"https:\/\/gemmel-milch.de\/index.php?rest_route=\/wp\/v2\/types\/page"}],"author":[{"embeddable":true,"href":"https:\/\/gemmel-milch.de\/index.php?rest_route=\/wp\/v2\/users\/1"}],"replies":[{"embeddable":true,"href":"https:\/\/gemmel-milch.de\/index.php?rest_route=%2Fwp%2Fv2%2Fcomments&post=15"}],"version-history":[{"count":16,"href":"https:\/\/gemmel-milch.de\/index.php?rest_route=\/wp\/v2\/pages\/15\/revisions"}],"predecessor-version":[{"id":198,"href":"https:\/\/gemmel-milch.de\/index.php?rest_route=\/wp\/v2\/pages\/15\/revisions\/198"}],"wp:featuredmedia":[{"embeddable":true,"href":"https:\/\/gemmel-milch.de\/index.php?rest_route=\/wp\/v2\/media\/72"}],"wp:attachment":[{"href":"https:\/\/gemmel-milch.de\/index.php?rest_route=%2Fwp%2Fv2%2Fmedia&parent=15"}],"curies":[{"name":"wp","href":"https:\/\/api.w.org\/{rel}","templated":true}]}}