{"id":141,"date":"2020-03-25T19:44:34","date_gmt":"2020-03-25T19:44:34","guid":{"rendered":"http:\/\/gemmel-milch.de\/?page_id=141"},"modified":"2020-11-30T20:13:20","modified_gmt":"2020-11-30T20:13:20","slug":"der-kontakt","status":"publish","type":"page","link":"https:\/\/gemmel-milch.de\/?page_id=141","title":{"rendered":"der kontakt"},"content":{"rendered":"\n<h2>impressum<\/h2>\n\n\n\n<p>gemmel gbr, gerhard gemmel<\/p>\n\n\n\n<p>kirchr\u00fcsselbach 19<\/p>\n\n\n\n<p>91338 igensdorf<\/p>\n\n\n\n<p>info&#8220;at&#8220;gemmel-milch.de<\/p>\n\n\n\n<h2>datenschutz<\/h2>\n\n\n\n<p><strong>datenschutzerkl\u00e4rung gem\u00e4\u00df ds-gvo<\/strong><\/p>\n\n\n\n<p>beim zugriff auf unsere homepage werden unsererseits keine personenbezogenen daten protokolliert oder weiterverarbeitet. personenbezogene daten werden nur erfasst, wenn sie uns diese angaben freiwillig \u2013 etwa im rahmen einer anfrage per e-mail, einer online-bewerbung oder zur anbahnung einer vertraglichen zusammenarbeit \u2013 zur verf\u00fcgung stellen.<\/p>\n\n\n\n<p>soweit sie uns personenbezogene daten zur verf\u00fcgung gestellt haben, speichern und verwenden wir diese nur zur beantwortung ihrer anfrage, zur abwicklung ggf. mit Ihnen geschlossener vertr\u00e4ge und f\u00fcr die technische administration.<\/p>\n\n\n\n<p>ihre personenbezogenen daten werden unsererseits nicht an dritte weitergegeben, \u00fcbermittelt oder verkauft. auch ist eine \u00fcbermittlung ihrer daten in ein dritt-land ausgeschlossen.<\/p>\n\n\n\n<p>nach art. 15 der neuen europ\u00e4ischen datenschutzgrundverordnung haben betroffene personen das recht von der verantwortlichen stelle unentgeltlich eine best\u00e4tigung dar\u00fcber zu verlangen, ob betreffende personenbezogene daten verarbeitet werden.<\/p>\n\n\n\n<p>ist dies der fall, besteht ein auskunftsrecht der betroffenen \u00fcber den zweck der verarbeitung, die kategorien personengezogener daten, die verarbeitet werden, empf\u00e4nger oder kategorien von empf\u00e4ngern, denen die personenbezogenen daten offengelegt worden sind und die geplante dauer, f\u00fcr die personenbezogene daten gespeichert werden.<\/p>\n\n\n\n<p>au\u00dferdem haben betroffene das recht auf berichtigung oder l\u00f6schung der sie betreffenden personenbezogenen daten oder auf einschr\u00e4nkung bzw. widerspruch der verarbeitung ihrer personenbezogenen daten.<\/p>\n\n\n\n<p><strong>datenerfassung auf unserer webseite<\/strong><\/p>\n\n\n\n<p>bei jedem zugriff eines nutzers auf eine seite www.gemmel-milch.de und bei jedem abruf einer datei werden daten \u00fcber diesen vorgang in einer protokolldatei gespeichert. eine personenbezogene auswertung dieser daten erfolgt nicht.<\/p>\n\n\n\n<p>im einzelnen wird \u00fcber jeden abruf folgender datensatz gespeichert: client-pc (ip-adresse), status, datum und zeit des zugriffs, erste zeile des requests, \u00fcbertragene bytes, von welcher seite sie kommen (referer) und mit welchem browser die anfrage kommt (user agent).<\/p>\n\n\n\n<p>ein teil der daten wird erhoben, um eine fehlerfreie bereitstellung der website zu gew\u00e4hrleisten. andere daten k\u00f6nnen zur analyse ihres nutzerverhaltens verwendet werden.<\/p>\n\n\n\n<p><strong>welche rechte haben sie bez\u00fcglich ihrer daten?<\/strong><\/p>\n\n\n\n<p>sie haben jederzeit das recht unentgeltlich auskunft \u00fcber herkunft, empf\u00e4nger und zweck Ihrer gespeicherten personenbezogenen daten zu erhalten. sie haben au\u00dferdem ein recht, die berichtigung, sperrung oder l\u00f6schung dieser daten zu verlangen. hierzu sowie zu weiteren fragen zum thema datenschutz k\u00f6nnen sie sich jederzeit unter der im impressum angegebenen adresse an uns wenden.<\/p>\n\n\n\n<p>alle auskunftsersuche richten sie bitte an die verantwortliche stelle:<br> andreas gemmel, andreas&#8220;at&#8220;gemmel-milch.de<\/p>\n\n\n\n<p>des weiteren haben betroffene ein beschwerderecht bei der zust\u00e4ndigen aufsichtsbeh\u00f6rde f\u00fcr datenschutz:<br> bayerisches landesamt f\u00fcr datenschutzaufsicht (BayLDA),&nbsp;promenade 27, 91522 ansbach,&nbsp;telefon: &nbsp;0981 \u2013 53 1300, e-mail: poststelle@lda.bayern.de<\/p>\n\n\n\n<p><strong>cookies<br> <\/strong>einige seiten von www.gemmel-milch.de k\u00f6nnen cookies oder andere technologien nutzen. dadurch sind wir in der lage, sie besser zu unterst\u00fctzen, wenn sie auf unsere website zur\u00fcckkehren. sie k\u00f6nnen in ihrem browser einstellen, dass er sie davon in kenntnis setzt, wenn sie ein cookie erhalten und den empfang verweigern. sie k\u00f6nnen ihren browser auch so konfigurieren, dass er cookies grunds\u00e4tzlich ablehnt. dies kann aber zu problemen in der funktionalit\u00e4t mancher webseiten f\u00fchren.<\/p>\n\n\n\n<p><strong>kontaktformular<br> <\/strong>wenn sie uns per kontaktformular anfragen zukommen lassen, werden ihre angaben aus dem anfrageformular inklusive der von ihnen dort angegebenen kontaktdaten zwecks bearbeitung der anfrage und f\u00fcr den fall von anschlussfragen bei uns gespeichert. diese daten geben wir nicht ohne ihre einwilligung weiter.<\/p>\n\n\n\n<p><strong>links zu anderen anbietern<br> <\/strong>unsere webseite enth\u00e4lt links auf die internet-auftritte anderer unternehmen. f\u00fcr die inhalte und die datenschutz-\/datensicherheitskonzeption dieser webseiten \u00fcbernehmen wir keine verantwortung.<\/p>\n\n\n\n<p><strong>facebook<\/strong><br>\nBeim Anklicken des Button \u201efacebook\u201c (Logo von facebook), gelangen Sie auf unser Profil des sozialen Netzwerks Facebook, Anbieter Facebook Inc., 1 Hacker Way, Menlo Park, California 94025, USA. Dadurch kann Facebook den Besuch unserer Seiten Ihrem Benutzerkonto zuordnen. Wir weisen darauf hin, dass wir als Anbieter der Seiten keine Kenntnis vom Inhalt der \u00fcbermittelten Daten sowie deren Nutzung durch Facebook erhalten. Weitere Informationen hierzu finden Sie in der Datenschutzerkl\u00e4rung von Facebook unter <a href=\"https:\/\/de-de.facebook.com\/policy.php\" target=\"_blank\" rel=\"noreferrer noopener\">https:\/\/de-de.facebook.com\/policy.php<\/a><\/p>\n\n\n\n<p>Wenn Sie nicht w\u00fcnschen, dass Facebook den Besuch unserer Seiten Ihrem Facebook-Nutzerkonto zuordnen kann, loggen Sie sich bitte aus Ihrem Facebook-Benutzerkonto aus w\u00e4hrend Sie unsere Seiten besuchen.<\/p>\n\n\n\n<p><strong>instagram<\/strong><br> Beim Anklicken des Button \u201einstagram\u201c (Logo von instagram), gelangen Sie auf unsere Seite bei der Instagram LLC., 1601 Willow Road, Menlo Park, CA 94025, USA. Sind Sie bei Instagram eingeloggt, kann Instagram den Besuch unserer Website Ihrem Instagram-Account unmittelbar zuordnen. Zweck und Umfang der Datenerhebung und die weitere Verarbeitung und Nutzung der Daten durch Instagram sowie Ihre diesbez\u00fcglichen Rechte und Einstellungsm\u00f6glichkeiten zum Schutz Ihrer Privatsph\u00e4re entnehmen Sie bitte den Datenschutzhinweisen von<br> Instagram: <a rel=\"noreferrer noopener\" href=\"https:\/\/help.instagram.com\/155833707900388\/\" target=\"_blank\">https:\/\/help.instagram.com\/1558337079003<\/a> Wenn Sie nicht m\u00f6chten, dass Instagram die \u00fcber unseren Webauftritt gesammelten Daten unmittelbar Ihrem Instagram-Account zuordnet, m\u00fcssen Sie sich vor Ihrem Besuch unserer Website bei Instagram ausloggen.<\/p>\n\n\n\n<p><strong>verwendung von webfonts<\/strong><br> Auf diesen Internetseiten werden externe Schriften, Google Fonts verwendet. Google Fonts ist ein Dienst der Google Inc. (\u201eGoogle\u201c). Die Einbindung dieser Web Fonts erfolgt durch einen Serveraufruf, in der Regel ein Server von Google in den USA. Hierdurch wird an den Server \u00fcbermittelt, welche unserer Internetseiten Sie besucht haben. Auch wird die IP-Adresse des Browsers des Endger\u00e4tes des Besuchers dieser Internetseiten von Google gespeichert. N\u00e4here Informationen finden Sie in den Datenschutzhinweisen von Google, die Sie hier abrufen k\u00f6nnen: <a rel=\"noreferrer noopener\" href=\"http:\/\/www.google.com\/fonts#AboutPlace:about\u2028www.google.com\/policies\/privacy\/\" target=\"_blank\">www.google.com\/fonts#AboutPlace:aboutwww.google.com\/policies\/privacy\/<\/a><\/p>\n\n\n\n<p><strong>auskunft<\/strong><br>auf anforderung teilen wir ihnen schriftlich entsprechend dem geltenden recht mit, ob und welche pers\u00f6nliche daten \u00fcber sie bei uns gespeichert sind.<\/p>\n\n\n\n<p><strong>sicherheitsgrunds\u00e4tze<\/strong><br> um die bei uns gespeicherten daten unserer mitarbeiter, gesch\u00e4ftspartner, kunden und lieferanten durch zuf\u00e4llige oder vors\u00e4tzliche manipulationen, verlust, zerst\u00f6rung oder den zugriff unberechtigter personen zu sch\u00fctzen, haben wir entsprechende technische und organisatorische ma\u00dfnahmen getroffen.<\/p>\n","protected":false},"excerpt":{"rendered":"<p>impressum gemmel gbr, gerhard gemmel kirchr\u00fcsselbach 19 91338 igensdorf info&#8220;at&#8220;gemmel-milch.de datenschutz datenschutzerkl\u00e4rung gem\u00e4\u00df ds-gvo beim zugriff auf unsere homepage werden unsererseits keine personenbezogenen daten protokolliert oder weiterverarbeitet. personenbezogene daten werden nur erfasst, wenn sie uns diese angaben freiwillig \u2013 etwa im rahmen einer anfrage per e-mail, einer online-bewerbung oder zur anbahnung einer vertraglichen zusammenarbeit \u2013 &hellip; <\/p>\n<p class=\"link-more\"><a href=\"https:\/\/gemmel-milch.de\/?page_id=141\" class=\"more-link\"><span class=\"screen-reader-text\">\u201eder kontakt\u201c<\/span> weiterlesen<\/a><\/p>\n","protected":false},"author":1,"featured_media":0,"parent":0,"menu_order":0,"comment_status":"closed","ping_status":"closed","template":"","meta":[],"_links":{"self":[{"href":"https:\/\/gemmel-milch.de\/index.php?rest_route=\/wp\/v2\/pages\/141"}],"collection":[{"href":"https:\/\/gemmel-milch.de\/index.php?rest_route=\/wp\/v2\/pages"}],"about":[{"href":"https:\/\/gemmel-milch.de\/index.php?rest_route=\/wp\/v2\/types\/page"}],"author":[{"embeddable":true,"href":"https:\/\/gemmel-milch.de\/index.php?rest_route=\/wp\/v2\/users\/1"}],"replies":[{"embeddable":true,"href":"https:\/\/gemmel-milch.de\/index.php?rest_route=%2Fwp%2Fv2%2Fcomments&post=141"}],"version-history":[{"count":7,"href":"https:\/\/gemmel-milch.de\/index.php?rest_route=\/wp\/v2\/pages\/141\/revisions"}],"predecessor-version":[{"id":231,"href":"https:\/\/gemmel-milch.de\/index.php?rest_route=\/wp\/v2\/pages\/141\/revisions\/231"}],"wp:attachment":[{"href":"https:\/\/gemmel-milch.de\/index.php?rest_route=%2Fwp%2Fv2%2Fmedia&parent=141"}],"curies":[{"name":"wp","href":"https:\/\/api.w.org\/{rel}","templated":true}]}}