{"id":11,"date":"2019-12-30T21:52:10","date_gmt":"2019-12-30T21:52:10","guid":{"rendered":"http:\/\/gemmel-milch.de\/?page_id=11"},"modified":"2020-03-29T17:40:53","modified_gmt":"2020-03-29T17:40:53","slug":"andreas","status":"publish","type":"page","link":"https:\/\/gemmel-milch.de\/?page_id=11","title":{"rendered":"die milchmannschaft"},"content":{"rendered":"\n<h2>andreas<\/h2>\n\n\n\n<figure class=\"wp-block-image size-large is-resized is-style-default\"><img loading=\"lazy\" src=\"http:\/\/gemmel-milch.de\/wp-content\/uploads\/2020\/03\/7666759C-EA16-4493-A12F-53AC4E929A60-1024x683.jpeg\" alt=\"\" class=\"wp-image-107\" width=\"181\" height=\"120\" srcset=\"https:\/\/gemmel-milch.de\/wp-content\/uploads\/2020\/03\/7666759C-EA16-4493-A12F-53AC4E929A60-1024x683.jpeg 1024w, https:\/\/gemmel-milch.de\/wp-content\/uploads\/2020\/03\/7666759C-EA16-4493-A12F-53AC4E929A60-300x200.jpeg 300w, https:\/\/gemmel-milch.de\/wp-content\/uploads\/2020\/03\/7666759C-EA16-4493-A12F-53AC4E929A60-768x512.jpeg 768w, https:\/\/gemmel-milch.de\/wp-content\/uploads\/2020\/03\/7666759C-EA16-4493-A12F-53AC4E929A60-1536x1024.jpeg 1536w, https:\/\/gemmel-milch.de\/wp-content\/uploads\/2020\/03\/7666759C-EA16-4493-A12F-53AC4E929A60-2048x1365.jpeg 2048w\" sizes=\"(max-width: 181px) 100vw, 181px\" \/><\/figure>\n\n\n\n<p>ingenieur<\/p>\n\n\n\n<p>die gl\u00fccklichsten k\u00fche und eine spitzenmannschaft werden die zufriedensten kunden bedienen<\/p>\n\n\n\n<p>back home, nach 20 jahren als beobachter ist nun die zeit reif aktiv einzugreifen<\/p>\n\n\n\n<h2>julia<\/h2>\n\n\n\n<p>lehrerin<\/p>\n\n\n\n<p>faszinierend was es rund um die milch alles zu lernen gibt<\/p>\n\n\n\n<h2>gerhard<\/h2>\n\n\n\n<figure class=\"wp-block-image size-large is-resized is-style-default\"><img loading=\"lazy\" src=\"http:\/\/gemmel-milch.de\/wp-content\/uploads\/2020\/03\/670C78AD-5FA6-4EDC-A489-927AD544150B-1024x732.jpeg\" alt=\"\" class=\"wp-image-108\" width=\"187\" height=\"134\" srcset=\"https:\/\/gemmel-milch.de\/wp-content\/uploads\/2020\/03\/670C78AD-5FA6-4EDC-A489-927AD544150B-1024x732.jpeg 1024w, https:\/\/gemmel-milch.de\/wp-content\/uploads\/2020\/03\/670C78AD-5FA6-4EDC-A489-927AD544150B-300x215.jpeg 300w, https:\/\/gemmel-milch.de\/wp-content\/uploads\/2020\/03\/670C78AD-5FA6-4EDC-A489-927AD544150B-768x549.jpeg 768w, https:\/\/gemmel-milch.de\/wp-content\/uploads\/2020\/03\/670C78AD-5FA6-4EDC-A489-927AD544150B-1536x1098.jpeg 1536w, https:\/\/gemmel-milch.de\/wp-content\/uploads\/2020\/03\/670C78AD-5FA6-4EDC-A489-927AD544150B-2048x1464.jpeg 2048w\" sizes=\"(max-width: 187px) 100vw, 187px\" \/><\/figure>\n\n\n\n<p>landwirtschaftsmeister<\/p>\n\n\n\n<p>mit leib und seele landwirt <\/p>\n\n\n\n<p>gut ist erst der anfang, perfekt das ziel <\/p>\n\n\n\n<h2>heidi <\/h2>\n\n\n\n<p>buchhaltung<\/p>\n\n\n\n<p>sag mir was du isst, ich sag dir wer du bist <\/p>\n\n\n\n<h2>stefan<\/h2>\n\n\n\n<figure class=\"wp-block-image size-large is-resized is-style-default\"><img loading=\"lazy\" src=\"http:\/\/gemmel-milch.de\/wp-content\/uploads\/2020\/03\/F3E9E08B-2116-4D09-8DA8-61CE8DC9F9FA-1024x683.jpeg\" alt=\"\" class=\"wp-image-110\" width=\"174\" height=\"115\" srcset=\"https:\/\/gemmel-milch.de\/wp-content\/uploads\/2020\/03\/F3E9E08B-2116-4D09-8DA8-61CE8DC9F9FA-1024x683.jpeg 1024w, https:\/\/gemmel-milch.de\/wp-content\/uploads\/2020\/03\/F3E9E08B-2116-4D09-8DA8-61CE8DC9F9FA-300x200.jpeg 300w, https:\/\/gemmel-milch.de\/wp-content\/uploads\/2020\/03\/F3E9E08B-2116-4D09-8DA8-61CE8DC9F9FA-768x512.jpeg 768w, https:\/\/gemmel-milch.de\/wp-content\/uploads\/2020\/03\/F3E9E08B-2116-4D09-8DA8-61CE8DC9F9FA-1536x1024.jpeg 1536w, https:\/\/gemmel-milch.de\/wp-content\/uploads\/2020\/03\/F3E9E08B-2116-4D09-8DA8-61CE8DC9F9FA-2048x1365.jpeg 2048w\" sizes=\"(max-width: 174px) 100vw, 174px\" \/><\/figure>\n\n\n\n<p>landwirtschaftstechniker<\/p>\n\n\n\n<p>k\u00fche an 365 tagen im jahr, das kann man nicht machen, das muss man lieben<\/p>\n\n\n\n<p>in der ruhe liegt die kraft <\/p>\n\n\n\n<h2>milchmannschaft all stars <\/h2>\n\n\n\n<p>im monatsdurchschnitt leben bei uns 65 mutterk\u00fche und 65 jungtiere. die \u00fcbersicht ist  aktuell noch im aufbau.<\/p>\n\n\n\n<p>die m\u00e4nnlichen jungtiere verkaufen wir derzeit noch, das soll sich \u00e4ndern.<\/p>\n\n\n\n<h2>das beste team f\u00fcr alle f\u00e4lle <\/h2>\n\n\n\n<p>tatkr\u00e4ftige unterst\u00fctzung erfahren wir heute schon durch begeisterte jungs die uns bei allen arbeiten kr\u00e4ftig unter die arme greifen. sie stehen bereit wenn das projekt fahrt aufnimmt!!!<\/p>\n","protected":false},"excerpt":{"rendered":"<p>andreas ingenieur die gl\u00fccklichsten k\u00fche und eine spitzenmannschaft werden die zufriedensten kunden bedienen back home, nach 20 jahren als beobachter ist nun die zeit reif aktiv einzugreifen julia lehrerin faszinierend was es rund um die milch alles zu lernen gibt gerhard landwirtschaftsmeister mit leib und seele landwirt gut ist erst der anfang, perfekt das ziel &hellip; <\/p>\n<p class=\"link-more\"><a href=\"https:\/\/gemmel-milch.de\/?page_id=11\" class=\"more-link\"><span class=\"screen-reader-text\">\u201edie milchmannschaft\u201c<\/span> weiterlesen<\/a><\/p>\n","protected":false},"author":1,"featured_media":105,"parent":0,"menu_order":0,"comment_status":"closed","ping_status":"closed","template":"","meta":[],"_links":{"self":[{"href":"https:\/\/gemmel-milch.de\/index.php?rest_route=\/wp\/v2\/pages\/11"}],"collection":[{"href":"https:\/\/gemmel-milch.de\/index.php?rest_route=\/wp\/v2\/pages"}],"about":[{"href":"https:\/\/gemmel-milch.de\/index.php?rest_route=\/wp\/v2\/types\/page"}],"author":[{"embeddable":true,"href":"https:\/\/gemmel-milch.de\/index.php?rest_route=\/wp\/v2\/users\/1"}],"replies":[{"embeddable":true,"href":"https:\/\/gemmel-milch.de\/index.php?rest_route=%2Fwp%2Fv2%2Fcomments&post=11"}],"version-history":[{"count":13,"href":"https:\/\/gemmel-milch.de\/index.php?rest_route=\/wp\/v2\/pages\/11\/revisions"}],"predecessor-version":[{"id":190,"href":"https:\/\/gemmel-milch.de\/index.php?rest_route=\/wp\/v2\/pages\/11\/revisions\/190"}],"wp:featuredmedia":[{"embeddable":true,"href":"https:\/\/gemmel-milch.de\/index.php?rest_route=\/wp\/v2\/media\/105"}],"wp:attachment":[{"href":"https:\/\/gemmel-milch.de\/index.php?rest_route=%2Fwp%2Fv2%2Fmedia&parent=11"}],"curies":[{"name":"wp","href":"https:\/\/api.w.org\/{rel}","templated":true}]}}